{"id":950,"date":"2025-08-26T18:10:16","date_gmt":"2025-08-26T15:10:16","guid":{"rendered":"https:\/\/chillirestoranid.ee\/yellow\/?post_type=product&#038;p=950"},"modified":"2025-08-26T18:11:07","modified_gmt":"2025-08-26T15:11:07","slug":"krevetisalat","status":"publish","type":"product","link":"https:\/\/chillirestoranid.ee\/yellow\/toode\/krevetisalat\/","title":{"rendered":"Krevetisalat"},"content":{"rendered":"<p>Kurk, tomat, paprika ja hiinakapsas v\u00e4ikeste krevettidega \u00f5li- ning \u00e4\u00e4dikakastmes<\/p>\n","protected":false},"excerpt":{"rendered":"<p>Kurk, tomat, paprika ja hiinakapsas v\u00e4ikeste krevettidega \u00f5li- ning \u00e4\u00e4dikakastmes<\/p>\n","protected":false},"featured_media":0,"template":"","meta":[],"product_brand":[],"product_cat":[25],"product_tag":[],"class_list":{"0":"post-950","1":"product","2":"type-product","3":"status-publish","5":"product_cat-salatid","7":"first","8":"instock","9":"taxable","10":"shipping-taxable","11":"product-type-simple"},"jetpack_sharing_enabled":true,"_links":{"self":[{"href":"https:\/\/chillirestoranid.ee\/yellow\/wp-json\/wp\/v2\/product\/950","targetHints":{"allow":["GET"]}}],"collection":[{"href":"https:\/\/chillirestoranid.ee\/yellow\/wp-json\/wp\/v2\/product"}],"about":[{"href":"https:\/\/chillirestoranid.ee\/yellow\/wp-json\/wp\/v2\/types\/product"}],"wp:attachment":[{"href":"https:\/\/chillirestoranid.ee\/yellow\/wp-json\/wp\/v2\/media?parent=950"}],"wp:term":[{"taxonomy":"product_brand","embeddable":true,"href":"https:\/\/chillirestoranid.ee\/yellow\/wp-json\/wp\/v2\/product_brand?post=950"},{"taxonomy":"product_cat","embeddable":true,"href":"https:\/\/chillirestoranid.ee\/yellow\/wp-json\/wp\/v2\/product_cat?post=950"},{"taxonomy":"product_tag","embeddable":true,"href":"https:\/\/chillirestoranid.ee\/yellow\/wp-json\/wp\/v2\/product_tag?post=950"}],"curies":[{"name":"wp","href":"https:\/\/api.w.org\/{rel}","templated":true}]}}