{"id":790,"date":"2025-06-19T11:24:54","date_gmt":"2025-06-19T11:24:54","guid":{"rendered":"https:\/\/redchilli.ee\/yellow\/toode\/nuudliroog-kanaga-hong-kongi-stiilis\/"},"modified":"2025-08-26T18:37:01","modified_gmt":"2025-08-26T15:37:01","slug":"nuudliroog-kanaga-hong-kongi-stiilis","status":"publish","type":"product","link":"https:\/\/chillirestoranid.ee\/yellow\/toode\/nuudliroog-kanaga-hong-kongi-stiilis\/","title":{"rendered":"Nuudliroog kanaga Hong-Kongi stiilis***"},"content":{"rendered":"<p>Praetud nuudliroog kana ja erinevate k\u00f6\u00f6giviljadega soja-t\u0161illikastmes<\/p>\n","protected":false},"excerpt":{"rendered":"<p>Praetud nuudliroog kana ja erinevate k\u00f6\u00f6giviljadega soja-t\u0161illikastmes<\/p>\n","protected":false},"featured_media":0,"template":"","meta":[],"product_brand":[],"product_cat":[45],"product_tag":[],"class_list":{"0":"post-790","1":"product","2":"type-product","3":"status-publish","5":"product_cat-nuudliroad","7":"first","8":"instock","9":"taxable","10":"shipping-taxable","11":"product-type-simple"},"jetpack_sharing_enabled":true,"_links":{"self":[{"href":"https:\/\/chillirestoranid.ee\/yellow\/wp-json\/wp\/v2\/product\/790","targetHints":{"allow":["GET"]}}],"collection":[{"href":"https:\/\/chillirestoranid.ee\/yellow\/wp-json\/wp\/v2\/product"}],"about":[{"href":"https:\/\/chillirestoranid.ee\/yellow\/wp-json\/wp\/v2\/types\/product"}],"wp:attachment":[{"href":"https:\/\/chillirestoranid.ee\/yellow\/wp-json\/wp\/v2\/media?parent=790"}],"wp:term":[{"taxonomy":"product_brand","embeddable":true,"href":"https:\/\/chillirestoranid.ee\/yellow\/wp-json\/wp\/v2\/product_brand?post=790"},{"taxonomy":"product_cat","embeddable":true,"href":"https:\/\/chillirestoranid.ee\/yellow\/wp-json\/wp\/v2\/product_cat?post=790"},{"taxonomy":"product_tag","embeddable":true,"href":"https:\/\/chillirestoranid.ee\/yellow\/wp-json\/wp\/v2\/product_tag?post=790"}],"curies":[{"name":"wp","href":"https:\/\/api.w.org\/{rel}","templated":true}]}}