{"id":778,"date":"2025-06-19T11:24:54","date_gmt":"2025-06-19T11:24:54","guid":{"rendered":"https:\/\/redchilli.ee\/yellow\/toode\/kana-tsilliriis\/"},"modified":"2025-08-26T17:15:05","modified_gmt":"2025-08-26T14:15:05","slug":"kana-tsilliriis","status":"publish","type":"product","link":"https:\/\/chillirestoranid.ee\/yellow\/toode\/kana-tsilliriis\/","title":{"rendered":"Kana-t\u0161illiriis**"},"content":{"rendered":"<p>Praetud basmati riis roheliste herneste, porgandi, kapsa, t\u0161illi, k\u00fc\u00fcslaugu, kana ja munaga<\/p>\n","protected":false},"excerpt":{"rendered":"<p>Praetud basmati riis roheliste herneste, porgandi, kapsa, t\u0161illi, k\u00fc\u00fcslaugu, kana ja munaga<\/p>\n","protected":false},"featured_media":28,"template":"","meta":[],"product_brand":[],"product_cat":[32],"product_tag":[],"class_list":{"0":"post-778","1":"product","2":"type-product","3":"status-publish","4":"has-post-thumbnail","6":"product_cat-riis","8":"first","9":"instock","10":"taxable","11":"shipping-taxable","12":"product-type-simple"},"jetpack_sharing_enabled":true,"_links":{"self":[{"href":"https:\/\/chillirestoranid.ee\/yellow\/wp-json\/wp\/v2\/product\/778","targetHints":{"allow":["GET"]}}],"collection":[{"href":"https:\/\/chillirestoranid.ee\/yellow\/wp-json\/wp\/v2\/product"}],"about":[{"href":"https:\/\/chillirestoranid.ee\/yellow\/wp-json\/wp\/v2\/types\/product"}],"wp:featuredmedia":[{"embeddable":true,"href":"https:\/\/chillirestoranid.ee\/yellow\/wp-json\/wp\/v2\/media\/28"}],"wp:attachment":[{"href":"https:\/\/chillirestoranid.ee\/yellow\/wp-json\/wp\/v2\/media?parent=778"}],"wp:term":[{"taxonomy":"product_brand","embeddable":true,"href":"https:\/\/chillirestoranid.ee\/yellow\/wp-json\/wp\/v2\/product_brand?post=778"},{"taxonomy":"product_cat","embeddable":true,"href":"https:\/\/chillirestoranid.ee\/yellow\/wp-json\/wp\/v2\/product_cat?post=778"},{"taxonomy":"product_tag","embeddable":true,"href":"https:\/\/chillirestoranid.ee\/yellow\/wp-json\/wp\/v2\/product_tag?post=778"}],"curies":[{"name":"wp","href":"https:\/\/api.w.org\/{rel}","templated":true}]}}