{"id":748,"date":"2025-06-19T11:24:52","date_gmt":"2025-06-19T11:24:52","guid":{"rendered":"https:\/\/redchilli.ee\/yellow\/toode\/baklazaan-kuuslaugukastmes\/"},"modified":"2025-08-26T23:49:01","modified_gmt":"2025-08-26T20:49:01","slug":"baklazaan-kuuslaugukastmes","status":"publish","type":"product","link":"https:\/\/chillirestoranid.ee\/yellow\/toode\/baklazaan-kuuslaugukastmes\/","title":{"rendered":"Bakla\u017eaan k\u00fc\u00fcslaugukastmes**"},"content":{"rendered":"<p>Bakla\u017eaan, paprika, sibul ja tomat v\u00fcrtsikas k\u00fc\u00fcslaugukastmes<\/p>\n","protected":false},"excerpt":{"rendered":"<p>Bakla\u017eaan, paprika, sibul ja tomat v\u00fcrtsikas k\u00fc\u00fcslaugukastmes<\/p>\n","protected":false},"featured_media":0,"template":"","meta":[],"product_brand":[],"product_cat":[27],"product_tag":[],"class_list":{"0":"post-748","1":"product","2":"type-product","3":"status-publish","5":"product_cat-hiinaparased-road","7":"first","8":"instock","9":"taxable","10":"shipping-taxable","11":"product-type-simple"},"jetpack_sharing_enabled":true,"_links":{"self":[{"href":"https:\/\/chillirestoranid.ee\/yellow\/wp-json\/wp\/v2\/product\/748","targetHints":{"allow":["GET"]}}],"collection":[{"href":"https:\/\/chillirestoranid.ee\/yellow\/wp-json\/wp\/v2\/product"}],"about":[{"href":"https:\/\/chillirestoranid.ee\/yellow\/wp-json\/wp\/v2\/types\/product"}],"wp:attachment":[{"href":"https:\/\/chillirestoranid.ee\/yellow\/wp-json\/wp\/v2\/media?parent=748"}],"wp:term":[{"taxonomy":"product_brand","embeddable":true,"href":"https:\/\/chillirestoranid.ee\/yellow\/wp-json\/wp\/v2\/product_brand?post=748"},{"taxonomy":"product_cat","embeddable":true,"href":"https:\/\/chillirestoranid.ee\/yellow\/wp-json\/wp\/v2\/product_cat?post=748"},{"taxonomy":"product_tag","embeddable":true,"href":"https:\/\/chillirestoranid.ee\/yellow\/wp-json\/wp\/v2\/product_tag?post=748"}],"curies":[{"name":"wp","href":"https:\/\/api.w.org\/{rel}","templated":true}]}}