{"id":747,"date":"2025-06-19T11:24:52","date_gmt":"2025-06-19T11:24:52","guid":{"rendered":"https:\/\/redchilli.ee\/yellow\/toode\/krobe-lambaliha-tsillikastmes\/"},"modified":"2025-08-26T23:47:57","modified_gmt":"2025-08-26T20:47:57","slug":"krobe-lambaliha-tsillikastmes","status":"publish","type":"product","link":"https:\/\/chillirestoranid.ee\/yellow\/toode\/krobe-lambaliha-tsillikastmes\/","title":{"rendered":"Kr\u00f5be lambaliha t\u0161illikastmes**"},"content":{"rendered":"<p>Kr\u00f5be liha brokoli, minimaisi ja hernestega v\u00fcrtsikas soja-t\u0161illikastmes<\/p>\n","protected":false},"excerpt":{"rendered":"<p>Kr\u00f5be liha brokoli, minimaisi ja hernestega v\u00fcrtsikas soja-t\u0161illikastmes<\/p>\n","protected":false},"featured_media":0,"template":"","meta":[],"product_brand":[],"product_cat":[27],"product_tag":[],"class_list":{"0":"post-747","1":"product","2":"type-product","3":"status-publish","5":"product_cat-hiinaparased-road","7":"first","8":"instock","9":"taxable","10":"shipping-taxable","11":"product-type-simple"},"jetpack_sharing_enabled":true,"_links":{"self":[{"href":"https:\/\/chillirestoranid.ee\/yellow\/wp-json\/wp\/v2\/product\/747","targetHints":{"allow":["GET"]}}],"collection":[{"href":"https:\/\/chillirestoranid.ee\/yellow\/wp-json\/wp\/v2\/product"}],"about":[{"href":"https:\/\/chillirestoranid.ee\/yellow\/wp-json\/wp\/v2\/types\/product"}],"wp:attachment":[{"href":"https:\/\/chillirestoranid.ee\/yellow\/wp-json\/wp\/v2\/media?parent=747"}],"wp:term":[{"taxonomy":"product_brand","embeddable":true,"href":"https:\/\/chillirestoranid.ee\/yellow\/wp-json\/wp\/v2\/product_brand?post=747"},{"taxonomy":"product_cat","embeddable":true,"href":"https:\/\/chillirestoranid.ee\/yellow\/wp-json\/wp\/v2\/product_cat?post=747"},{"taxonomy":"product_tag","embeddable":true,"href":"https:\/\/chillirestoranid.ee\/yellow\/wp-json\/wp\/v2\/product_tag?post=747"}],"curies":[{"name":"wp","href":"https:\/\/api.w.org\/{rel}","templated":true}]}}