{"id":732,"date":"2025-06-19T11:24:51","date_gmt":"2025-06-19T11:24:51","guid":{"rendered":"https:\/\/redchilli.ee\/yellow\/toode\/kala-kuuslaugukastmes\/"},"modified":"2025-08-26T23:29:32","modified_gmt":"2025-08-26T20:29:32","slug":"kala-kuuslaugukastmes","status":"publish","type":"product","link":"https:\/\/chillirestoranid.ee\/yellow\/toode\/kala-kuuslaugukastmes\/","title":{"rendered":"Kala k\u00fc\u00fcslaugukastmes**"},"content":{"rendered":"<p>Friteeritud kala tomati, sibula ja paprikaga v\u00fcrtsikas k\u00fc\u00fcslaugukastmes<\/p>\n","protected":false},"excerpt":{"rendered":"<p>Friteeritud kala tomati, sibula ja paprikaga v\u00fcrtsikas k\u00fc\u00fcslaugukastmes<\/p>\n","protected":false},"featured_media":980,"template":"","meta":[],"product_brand":[],"product_cat":[27],"product_tag":[],"class_list":{"0":"post-732","1":"product","2":"type-product","3":"status-publish","4":"has-post-thumbnail","6":"product_cat-hiinaparased-road","8":"first","9":"instock","10":"taxable","11":"shipping-taxable","12":"product-type-simple"},"jetpack_sharing_enabled":true,"_links":{"self":[{"href":"https:\/\/chillirestoranid.ee\/yellow\/wp-json\/wp\/v2\/product\/732","targetHints":{"allow":["GET"]}}],"collection":[{"href":"https:\/\/chillirestoranid.ee\/yellow\/wp-json\/wp\/v2\/product"}],"about":[{"href":"https:\/\/chillirestoranid.ee\/yellow\/wp-json\/wp\/v2\/types\/product"}],"wp:featuredmedia":[{"embeddable":true,"href":"https:\/\/chillirestoranid.ee\/yellow\/wp-json\/wp\/v2\/media\/980"}],"wp:attachment":[{"href":"https:\/\/chillirestoranid.ee\/yellow\/wp-json\/wp\/v2\/media?parent=732"}],"wp:term":[{"taxonomy":"product_brand","embeddable":true,"href":"https:\/\/chillirestoranid.ee\/yellow\/wp-json\/wp\/v2\/product_brand?post=732"},{"taxonomy":"product_cat","embeddable":true,"href":"https:\/\/chillirestoranid.ee\/yellow\/wp-json\/wp\/v2\/product_cat?post=732"},{"taxonomy":"product_tag","embeddable":true,"href":"https:\/\/chillirestoranid.ee\/yellow\/wp-json\/wp\/v2\/product_tag?post=732"}],"curies":[{"name":"wp","href":"https:\/\/api.w.org\/{rel}","templated":true}]}}