{"id":729,"date":"2025-06-19T11:24:51","date_gmt":"2025-06-19T11:24:51","guid":{"rendered":"https:\/\/redchilli.ee\/yellow\/toode\/kanaliha-kuuslaugukastmes\/"},"modified":"2025-08-26T23:22:20","modified_gmt":"2025-08-26T20:22:20","slug":"kanaliha-kuuslaugukastmes","status":"publish","type":"product","link":"https:\/\/chillirestoranid.ee\/yellow\/toode\/kanaliha-kuuslaugukastmes\/","title":{"rendered":"Kanaliha k\u00fc\u00fcslaugukastmes**"},"content":{"rendered":"<p>Friteeritud liha tomati, sibula ja paprikaga v\u00fcrtsikas k\u00fc\u00fcslaugukastmes<\/p>\n","protected":false},"excerpt":{"rendered":"<p>Friteeritud liha tomati, sibula ja paprikaga v\u00fcrtsikas k\u00fc\u00fcslaugukastmes<\/p>\n","protected":false},"featured_media":980,"template":"","meta":[],"product_brand":[],"product_cat":[27],"product_tag":[],"class_list":{"0":"post-729","1":"product","2":"type-product","3":"status-publish","4":"has-post-thumbnail","6":"product_cat-hiinaparased-road","8":"first","9":"instock","10":"taxable","11":"shipping-taxable","12":"product-type-simple"},"jetpack_sharing_enabled":true,"_links":{"self":[{"href":"https:\/\/chillirestoranid.ee\/yellow\/wp-json\/wp\/v2\/product\/729","targetHints":{"allow":["GET"]}}],"collection":[{"href":"https:\/\/chillirestoranid.ee\/yellow\/wp-json\/wp\/v2\/product"}],"about":[{"href":"https:\/\/chillirestoranid.ee\/yellow\/wp-json\/wp\/v2\/types\/product"}],"wp:featuredmedia":[{"embeddable":true,"href":"https:\/\/chillirestoranid.ee\/yellow\/wp-json\/wp\/v2\/media\/980"}],"wp:attachment":[{"href":"https:\/\/chillirestoranid.ee\/yellow\/wp-json\/wp\/v2\/media?parent=729"}],"wp:term":[{"taxonomy":"product_brand","embeddable":true,"href":"https:\/\/chillirestoranid.ee\/yellow\/wp-json\/wp\/v2\/product_brand?post=729"},{"taxonomy":"product_cat","embeddable":true,"href":"https:\/\/chillirestoranid.ee\/yellow\/wp-json\/wp\/v2\/product_cat?post=729"},{"taxonomy":"product_tag","embeddable":true,"href":"https:\/\/chillirestoranid.ee\/yellow\/wp-json\/wp\/v2\/product_tag?post=729"}],"curies":[{"name":"wp","href":"https:\/\/api.w.org\/{rel}","templated":true}]}}