{"id":700,"date":"2025-06-19T11:24:50","date_gmt":"2025-06-19T11:24:50","guid":{"rendered":"https:\/\/redchilli.ee\/yellow\/toode\/krobe-pardiliha-mee-ja-tsillikastmes\/"},"modified":"2025-08-26T21:14:42","modified_gmt":"2025-08-26T18:14:42","slug":"krobe-pardiliha-mee-ja-tsillikastmes","status":"publish","type":"product","link":"https:\/\/chillirestoranid.ee\/yellow\/toode\/krobe-pardiliha-mee-ja-tsillikastmes\/","title":{"rendered":"Kr\u00f5be pardiliha mee- ja t\u0161illikastmes*"},"content":{"rendered":"<p>Kr\u00f5be liha ananassi ja roheliste hernestega mee- ja t\u0161illikastmes<\/p>\n","protected":false},"excerpt":{"rendered":"<p>Kr\u00f5be liha ananassi ja roheliste hernestega mee- ja t\u0161illikastmes<\/p>\n","protected":false},"featured_media":132,"template":"","meta":[],"product_brand":[],"product_cat":[27],"product_tag":[],"class_list":{"0":"post-700","1":"product","2":"type-product","3":"status-publish","4":"has-post-thumbnail","6":"product_cat-hiinaparased-road","8":"first","9":"instock","10":"taxable","11":"shipping-taxable","12":"product-type-simple"},"jetpack_sharing_enabled":true,"_links":{"self":[{"href":"https:\/\/chillirestoranid.ee\/yellow\/wp-json\/wp\/v2\/product\/700","targetHints":{"allow":["GET"]}}],"collection":[{"href":"https:\/\/chillirestoranid.ee\/yellow\/wp-json\/wp\/v2\/product"}],"about":[{"href":"https:\/\/chillirestoranid.ee\/yellow\/wp-json\/wp\/v2\/types\/product"}],"wp:featuredmedia":[{"embeddable":true,"href":"https:\/\/chillirestoranid.ee\/yellow\/wp-json\/wp\/v2\/media\/132"}],"wp:attachment":[{"href":"https:\/\/chillirestoranid.ee\/yellow\/wp-json\/wp\/v2\/media?parent=700"}],"wp:term":[{"taxonomy":"product_brand","embeddable":true,"href":"https:\/\/chillirestoranid.ee\/yellow\/wp-json\/wp\/v2\/product_brand?post=700"},{"taxonomy":"product_cat","embeddable":true,"href":"https:\/\/chillirestoranid.ee\/yellow\/wp-json\/wp\/v2\/product_cat?post=700"},{"taxonomy":"product_tag","embeddable":true,"href":"https:\/\/chillirestoranid.ee\/yellow\/wp-json\/wp\/v2\/product_tag?post=700"}],"curies":[{"name":"wp","href":"https:\/\/api.w.org\/{rel}","templated":true}]}}