{"id":696,"date":"2025-06-19T11:24:49","date_gmt":"2025-06-19T11:24:49","guid":{"rendered":"https:\/\/redchilli.ee\/yellow\/toode\/tom-yum-tofuga\/"},"modified":"2025-08-26T17:53:10","modified_gmt":"2025-08-26T14:53:10","slug":"tom-yum-tofuga","status":"publish","type":"product","link":"https:\/\/chillirestoranid.ee\/yellow\/toode\/tom-yum-tofuga\/","title":{"rendered":"Tom Yum supp tofuga**"},"content":{"rendered":"<p>Taip\u00e4rane supp seente, erinevate k\u00f6\u00f6giviljadega ja tofuga<\/p>\n","protected":false},"excerpt":{"rendered":"<p>Taip\u00e4rane supp seente, erinevate k\u00f6\u00f6giviljadega ja tofuga<\/p>\n","protected":false},"featured_media":946,"template":"","meta":[],"product_brand":[],"product_cat":[26],"product_tag":[],"class_list":{"0":"post-696","1":"product","2":"type-product","3":"status-publish","4":"has-post-thumbnail","6":"product_cat-supid","8":"first","9":"instock","10":"taxable","11":"shipping-taxable","12":"product-type-simple"},"jetpack_sharing_enabled":true,"_links":{"self":[{"href":"https:\/\/chillirestoranid.ee\/yellow\/wp-json\/wp\/v2\/product\/696","targetHints":{"allow":["GET"]}}],"collection":[{"href":"https:\/\/chillirestoranid.ee\/yellow\/wp-json\/wp\/v2\/product"}],"about":[{"href":"https:\/\/chillirestoranid.ee\/yellow\/wp-json\/wp\/v2\/types\/product"}],"wp:featuredmedia":[{"embeddable":true,"href":"https:\/\/chillirestoranid.ee\/yellow\/wp-json\/wp\/v2\/media\/946"}],"wp:attachment":[{"href":"https:\/\/chillirestoranid.ee\/yellow\/wp-json\/wp\/v2\/media?parent=696"}],"wp:term":[{"taxonomy":"product_brand","embeddable":true,"href":"https:\/\/chillirestoranid.ee\/yellow\/wp-json\/wp\/v2\/product_brand?post=696"},{"taxonomy":"product_cat","embeddable":true,"href":"https:\/\/chillirestoranid.ee\/yellow\/wp-json\/wp\/v2\/product_cat?post=696"},{"taxonomy":"product_tag","embeddable":true,"href":"https:\/\/chillirestoranid.ee\/yellow\/wp-json\/wp\/v2\/product_tag?post=696"}],"curies":[{"name":"wp","href":"https:\/\/api.w.org\/{rel}","templated":true}]}}