{"id":686,"date":"2025-06-19T11:24:49","date_gmt":"2025-06-19T11:24:49","guid":{"rendered":"https:\/\/redchilli.ee\/yellow\/toode\/kanasalat\/"},"modified":"2025-08-26T18:09:40","modified_gmt":"2025-08-26T15:09:40","slug":"kanasalat","status":"publish","type":"product","link":"https:\/\/chillirestoranid.ee\/yellow\/toode\/kanasalat\/","title":{"rendered":"Kanasalat"},"content":{"rendered":"<p>Kurk, tomat, paprika ja hiinakapsas ja kanaliha t\u00fckid \u00f5li- ning \u00e4\u00e4dikakastmes<\/p>\n","protected":false},"excerpt":{"rendered":"<p>Kurk, tomat, paprika ja hiinakapsas ja kanaliha t\u00fckid \u00f5li- ning \u00e4\u00e4dikakastmes<\/p>\n","protected":false},"featured_media":0,"template":"","meta":[],"product_brand":[],"product_cat":[25],"product_tag":[],"class_list":{"0":"post-686","1":"product","2":"type-product","3":"status-publish","5":"product_cat-salatid","7":"first","8":"instock","9":"taxable","10":"shipping-taxable","11":"product-type-simple"},"jetpack_sharing_enabled":true,"_links":{"self":[{"href":"https:\/\/chillirestoranid.ee\/yellow\/wp-json\/wp\/v2\/product\/686","targetHints":{"allow":["GET"]}}],"collection":[{"href":"https:\/\/chillirestoranid.ee\/yellow\/wp-json\/wp\/v2\/product"}],"about":[{"href":"https:\/\/chillirestoranid.ee\/yellow\/wp-json\/wp\/v2\/types\/product"}],"wp:attachment":[{"href":"https:\/\/chillirestoranid.ee\/yellow\/wp-json\/wp\/v2\/media?parent=686"}],"wp:term":[{"taxonomy":"product_brand","embeddable":true,"href":"https:\/\/chillirestoranid.ee\/yellow\/wp-json\/wp\/v2\/product_brand?post=686"},{"taxonomy":"product_cat","embeddable":true,"href":"https:\/\/chillirestoranid.ee\/yellow\/wp-json\/wp\/v2\/product_cat?post=686"},{"taxonomy":"product_tag","embeddable":true,"href":"https:\/\/chillirestoranid.ee\/yellow\/wp-json\/wp\/v2\/product_tag?post=686"}],"curies":[{"name":"wp","href":"https:\/\/api.w.org\/{rel}","templated":true}]}}