{"id":660,"date":"2025-06-19T11:24:48","date_gmt":"2025-06-19T11:24:48","guid":{"rendered":"https:\/\/redchilli.ee\/yellow\/toode\/kartulid-mee-ja-tsillikastmes\/"},"modified":"2025-06-19T11:24:48","modified_gmt":"2025-06-19T11:24:48","slug":"kartulid-mee-ja-tsillikastmes","status":"publish","type":"product","link":"https:\/\/chillirestoranid.ee\/yellow\/toode\/kartulid-mee-ja-tsillikastmes\/","title":{"rendered":"Kartulid mee- ja t\u0161illikastmes*"},"content":{"rendered":"<p>Kr\u00f5bedad kartulid sibula ja pipraga mee- ja t\u0161illikastmes.<\/p>\n","protected":false},"excerpt":{"rendered":"<p>Kr\u00f5bedad kartulid sibula ja pipraga mee- ja t\u0161illikastmes.<\/p>\n","protected":false},"featured_media":0,"template":"","meta":[],"product_brand":[],"product_cat":[22],"product_tag":[],"class_list":{"0":"post-660","1":"product","2":"type-product","3":"status-publish","5":"product_cat-eelroad","7":"first","8":"instock","9":"taxable","10":"shipping-taxable","11":"product-type-simple"},"jetpack_sharing_enabled":true,"_links":{"self":[{"href":"https:\/\/chillirestoranid.ee\/yellow\/wp-json\/wp\/v2\/product\/660","targetHints":{"allow":["GET"]}}],"collection":[{"href":"https:\/\/chillirestoranid.ee\/yellow\/wp-json\/wp\/v2\/product"}],"about":[{"href":"https:\/\/chillirestoranid.ee\/yellow\/wp-json\/wp\/v2\/types\/product"}],"wp:attachment":[{"href":"https:\/\/chillirestoranid.ee\/yellow\/wp-json\/wp\/v2\/media?parent=660"}],"wp:term":[{"taxonomy":"product_brand","embeddable":true,"href":"https:\/\/chillirestoranid.ee\/yellow\/wp-json\/wp\/v2\/product_brand?post=660"},{"taxonomy":"product_cat","embeddable":true,"href":"https:\/\/chillirestoranid.ee\/yellow\/wp-json\/wp\/v2\/product_cat?post=660"},{"taxonomy":"product_tag","embeddable":true,"href":"https:\/\/chillirestoranid.ee\/yellow\/wp-json\/wp\/v2\/product_tag?post=660"}],"curies":[{"name":"wp","href":"https:\/\/api.w.org\/{rel}","templated":true}]}}