{"id":1144,"date":"2026-03-19T17:23:16","date_gmt":"2026-03-19T15:23:16","guid":{"rendered":"https:\/\/chillirestoranid.ee\/yellow\/?post_type=product&#038;p=1144"},"modified":"2026-03-19T20:10:04","modified_gmt":"2026-03-19T18:10:04","slug":"juustu-naan","status":"publish","type":"product","link":"https:\/\/chillirestoranid.ee\/yellow\/toode\/juustu-naan\/","title":{"rendered":"Juustu Naan"},"content":{"rendered":"<p>Indiast p\u00e4rit, tandoori ahjus k\u00fcpsetatud \u00f5huke ja pehme nisuleib, v\u00f5i ja juustuga.<\/p>\n","protected":false},"excerpt":{"rendered":"<p>Indiast p\u00e4rit, tandoori ahjus k\u00fcpsetatud \u00f5huke ja pehme nisuleib, v\u00f5i ja juustuga.<\/p>\n","protected":false},"featured_media":1140,"template":"","meta":[],"product_brand":[],"product_cat":[38],"product_tag":[],"class_list":{"0":"post-1144","1":"product","2":"type-product","3":"status-publish","4":"has-post-thumbnail","6":"product_cat-vesi","8":"first","9":"instock","10":"taxable","11":"shipping-taxable","12":"product-type-simple"},"jetpack_sharing_enabled":true,"_links":{"self":[{"href":"https:\/\/chillirestoranid.ee\/yellow\/wp-json\/wp\/v2\/product\/1144","targetHints":{"allow":["GET"]}}],"collection":[{"href":"https:\/\/chillirestoranid.ee\/yellow\/wp-json\/wp\/v2\/product"}],"about":[{"href":"https:\/\/chillirestoranid.ee\/yellow\/wp-json\/wp\/v2\/types\/product"}],"wp:featuredmedia":[{"embeddable":true,"href":"https:\/\/chillirestoranid.ee\/yellow\/wp-json\/wp\/v2\/media\/1140"}],"wp:attachment":[{"href":"https:\/\/chillirestoranid.ee\/yellow\/wp-json\/wp\/v2\/media?parent=1144"}],"wp:term":[{"taxonomy":"product_brand","embeddable":true,"href":"https:\/\/chillirestoranid.ee\/yellow\/wp-json\/wp\/v2\/product_brand?post=1144"},{"taxonomy":"product_cat","embeddable":true,"href":"https:\/\/chillirestoranid.ee\/yellow\/wp-json\/wp\/v2\/product_cat?post=1144"},{"taxonomy":"product_tag","embeddable":true,"href":"https:\/\/chillirestoranid.ee\/yellow\/wp-json\/wp\/v2\/product_tag?post=1144"}],"curies":[{"name":"wp","href":"https:\/\/api.w.org\/{rel}","templated":true}]}}