{"id":1026,"date":"2025-09-30T17:42:12","date_gmt":"2025-09-30T14:42:12","guid":{"rendered":"https:\/\/chillirestoranid.ee\/yellow\/?post_type=product&#038;p=1026"},"modified":"2026-03-19T20:11:32","modified_gmt":"2026-03-19T18:11:32","slug":"tandoori-malai-chicken-tikka","status":"publish","type":"product","link":"https:\/\/chillirestoranid.ee\/yellow\/toode\/tandoori-malai-chicken-tikka\/","title":{"rendered":"Tandoori Malai Chicken Tikka *"},"content":{"rendered":"<p>&#8220;Kana\u0161a\u0161l\u00f5kk&#8221; Kintsuliha, marineeritud v\u00fcrtsitatud keefiris ja k\u00fcpsetatud tandoori ahjus.<br \/>\nserveeritakse hapukoore, salati ja Naaniga.<\/p>\n","protected":false},"excerpt":{"rendered":"<p>&#8220;Kana\u0161a\u0161l\u00f5kk&#8221; Kintsuliha, marineeritud v\u00fcrtsitatud keefiris ja k\u00fcpsetatud tandoori ahjus. serveeritakse hapukoore, salati ja Naaniga.<\/p>\n","protected":false},"featured_media":1027,"template":"","meta":[],"product_brand":[],"product_cat":[38],"product_tag":[],"class_list":{"0":"post-1026","1":"product","2":"type-product","3":"status-publish","4":"has-post-thumbnail","6":"product_cat-vesi","8":"first","9":"instock","10":"taxable","11":"shipping-taxable","12":"purchasable","13":"product-type-simple"},"jetpack_sharing_enabled":true,"_links":{"self":[{"href":"https:\/\/chillirestoranid.ee\/yellow\/wp-json\/wp\/v2\/product\/1026","targetHints":{"allow":["GET"]}}],"collection":[{"href":"https:\/\/chillirestoranid.ee\/yellow\/wp-json\/wp\/v2\/product"}],"about":[{"href":"https:\/\/chillirestoranid.ee\/yellow\/wp-json\/wp\/v2\/types\/product"}],"wp:featuredmedia":[{"embeddable":true,"href":"https:\/\/chillirestoranid.ee\/yellow\/wp-json\/wp\/v2\/media\/1027"}],"wp:attachment":[{"href":"https:\/\/chillirestoranid.ee\/yellow\/wp-json\/wp\/v2\/media?parent=1026"}],"wp:term":[{"taxonomy":"product_brand","embeddable":true,"href":"https:\/\/chillirestoranid.ee\/yellow\/wp-json\/wp\/v2\/product_brand?post=1026"},{"taxonomy":"product_cat","embeddable":true,"href":"https:\/\/chillirestoranid.ee\/yellow\/wp-json\/wp\/v2\/product_cat?post=1026"},{"taxonomy":"product_tag","embeddable":true,"href":"https:\/\/chillirestoranid.ee\/yellow\/wp-json\/wp\/v2\/product_tag?post=1026"}],"curies":[{"name":"wp","href":"https:\/\/api.w.org\/{rel}","templated":true}]}}