{"id":1023,"date":"2025-09-30T17:16:18","date_gmt":"2025-09-30T14:16:18","guid":{"rendered":"https:\/\/chillirestoranid.ee\/yellow\/?post_type=product&#038;p=1023"},"modified":"2026-03-19T20:12:05","modified_gmt":"2026-03-19T18:12:05","slug":"tandoori-chicken-tikka","status":"publish","type":"product","link":"https:\/\/chillirestoranid.ee\/yellow\/toode\/tandoori-chicken-tikka\/","title":{"rendered":"Tandoori Chicken Tikka **"},"content":{"rendered":"<p>&#8220;Kana\u0161a\u0161l\u00f5kk&#8221; Kintsuliha, marineeritud v\u00fcrtsitatud keefiris ja k\u00fcpsetatud tandoori ahjus.<br \/>\nServeeritakse hapukoore, salati ja Naaniga<\/p>\n","protected":false},"excerpt":{"rendered":"<p>&#8220;Kana\u0161a\u0161l\u00f5kk&#8221; Kintsuliha, marineeritud v\u00fcrtsitatud keefiris ja k\u00fcpsetatud tandoori ahjus. Serveeritakse hapukoore, salati ja Naaniga<\/p>\n","protected":false},"featured_media":1024,"template":"","meta":[],"product_brand":[],"product_cat":[38],"product_tag":[],"class_list":{"0":"post-1023","1":"product","2":"type-product","3":"status-publish","4":"has-post-thumbnail","6":"product_cat-vesi","8":"first","9":"instock","10":"taxable","11":"shipping-taxable","12":"purchasable","13":"product-type-simple"},"jetpack_sharing_enabled":true,"_links":{"self":[{"href":"https:\/\/chillirestoranid.ee\/yellow\/wp-json\/wp\/v2\/product\/1023","targetHints":{"allow":["GET"]}}],"collection":[{"href":"https:\/\/chillirestoranid.ee\/yellow\/wp-json\/wp\/v2\/product"}],"about":[{"href":"https:\/\/chillirestoranid.ee\/yellow\/wp-json\/wp\/v2\/types\/product"}],"wp:featuredmedia":[{"embeddable":true,"href":"https:\/\/chillirestoranid.ee\/yellow\/wp-json\/wp\/v2\/media\/1024"}],"wp:attachment":[{"href":"https:\/\/chillirestoranid.ee\/yellow\/wp-json\/wp\/v2\/media?parent=1023"}],"wp:term":[{"taxonomy":"product_brand","embeddable":true,"href":"https:\/\/chillirestoranid.ee\/yellow\/wp-json\/wp\/v2\/product_brand?post=1023"},{"taxonomy":"product_cat","embeddable":true,"href":"https:\/\/chillirestoranid.ee\/yellow\/wp-json\/wp\/v2\/product_cat?post=1023"},{"taxonomy":"product_tag","embeddable":true,"href":"https:\/\/chillirestoranid.ee\/yellow\/wp-json\/wp\/v2\/product_tag?post=1023"}],"curies":[{"name":"wp","href":"https:\/\/api.w.org\/{rel}","templated":true}]}}