{"id":448,"date":"2025-05-15T13:03:27","date_gmt":"2025-05-15T13:03:27","guid":{"rendered":"https:\/\/redchilli.ee\/red\/toode\/kana-tsilliriis\/"},"modified":"2025-08-27T18:10:35","modified_gmt":"2025-08-27T15:10:35","slug":"kana-tsilliriis","status":"publish","type":"product","link":"https:\/\/chillirestoranid.ee\/red\/toode\/kana-tsilliriis\/","title":{"rendered":"Kana-t\u0161illiriis**"},"content":{"rendered":"<p>Praetud basmati riis herneste, porgandi, kapsa, t\u0161illi, k\u00fc\u00fcslaugu ja munaga<\/p>\n","protected":false},"excerpt":{"rendered":"<p>Praetud basmati riis herneste, porgandi, kapsa, t\u0161illi, k\u00fc\u00fcslaugu ja munaga<\/p>\n","protected":false},"featured_media":28,"template":"","meta":[],"product_brand":[],"product_cat":[32],"product_tag":[],"class_list":{"0":"post-448","1":"product","2":"type-product","3":"status-publish","4":"has-post-thumbnail","6":"product_cat-riis","8":"first","9":"instock","10":"taxable","11":"shipping-taxable","12":"product-type-simple"},"jetpack_sharing_enabled":true,"_links":{"self":[{"href":"https:\/\/chillirestoranid.ee\/red\/wp-json\/wp\/v2\/product\/448","targetHints":{"allow":["GET"]}}],"collection":[{"href":"https:\/\/chillirestoranid.ee\/red\/wp-json\/wp\/v2\/product"}],"about":[{"href":"https:\/\/chillirestoranid.ee\/red\/wp-json\/wp\/v2\/types\/product"}],"wp:featuredmedia":[{"embeddable":true,"href":"https:\/\/chillirestoranid.ee\/red\/wp-json\/wp\/v2\/media\/28"}],"wp:attachment":[{"href":"https:\/\/chillirestoranid.ee\/red\/wp-json\/wp\/v2\/media?parent=448"}],"wp:term":[{"taxonomy":"product_brand","embeddable":true,"href":"https:\/\/chillirestoranid.ee\/red\/wp-json\/wp\/v2\/product_brand?post=448"},{"taxonomy":"product_cat","embeddable":true,"href":"https:\/\/chillirestoranid.ee\/red\/wp-json\/wp\/v2\/product_cat?post=448"},{"taxonomy":"product_tag","embeddable":true,"href":"https:\/\/chillirestoranid.ee\/red\/wp-json\/wp\/v2\/product_tag?post=448"}],"curies":[{"name":"wp","href":"https:\/\/api.w.org\/{rel}","templated":true}]}}