{"id":443,"date":"2025-05-15T13:03:27","date_gmt":"2025-05-15T13:03:27","guid":{"rendered":"https:\/\/redchilli.ee\/red\/toode\/india-koomne-herne-riis\/"},"modified":"2025-08-27T17:52:31","modified_gmt":"2025-08-27T14:52:31","slug":"india-koomne-herne-riis","status":"publish","type":"product","link":"https:\/\/chillirestoranid.ee\/red\/toode\/india-koomne-herne-riis\/","title":{"rendered":"India k\u00f6\u00f6mne-herne riis*"},"content":{"rendered":"<p>Praetud basmati riis roheliste herneste, k\u00f6\u00f6mnete, v\u00f5i ja kurkumiga<\/p>\n","protected":false},"excerpt":{"rendered":"<p>Praetud basmati riis roheliste herneste, k\u00f6\u00f6mnete, v\u00f5i ja kurkumiga<\/p>\n","protected":false},"featured_media":0,"template":"","meta":[],"product_brand":[],"product_cat":[32],"product_tag":[],"class_list":{"0":"post-443","1":"product","2":"type-product","3":"status-publish","5":"product_cat-riis","7":"first","8":"instock","9":"taxable","10":"shipping-taxable","11":"product-type-simple"},"jetpack_sharing_enabled":true,"_links":{"self":[{"href":"https:\/\/chillirestoranid.ee\/red\/wp-json\/wp\/v2\/product\/443","targetHints":{"allow":["GET"]}}],"collection":[{"href":"https:\/\/chillirestoranid.ee\/red\/wp-json\/wp\/v2\/product"}],"about":[{"href":"https:\/\/chillirestoranid.ee\/red\/wp-json\/wp\/v2\/types\/product"}],"wp:attachment":[{"href":"https:\/\/chillirestoranid.ee\/red\/wp-json\/wp\/v2\/media?parent=443"}],"wp:term":[{"taxonomy":"product_brand","embeddable":true,"href":"https:\/\/chillirestoranid.ee\/red\/wp-json\/wp\/v2\/product_brand?post=443"},{"taxonomy":"product_cat","embeddable":true,"href":"https:\/\/chillirestoranid.ee\/red\/wp-json\/wp\/v2\/product_cat?post=443"},{"taxonomy":"product_tag","embeddable":true,"href":"https:\/\/chillirestoranid.ee\/red\/wp-json\/wp\/v2\/product_tag?post=443"}],"curies":[{"name":"wp","href":"https:\/\/api.w.org\/{rel}","templated":true}]}}