{"id":305,"date":"2025-05-15T13:03:18","date_gmt":"2025-05-15T13:03:18","guid":{"rendered":"https:\/\/redchilli.ee\/red\/toode\/hiina-pelmeenid\/"},"modified":"2025-08-28T15:39:38","modified_gmt":"2025-08-28T12:39:38","slug":"hiina-pelmeenid","status":"publish","type":"product","link":"https:\/\/chillirestoranid.ee\/red\/toode\/hiina-pelmeenid\/","title":{"rendered":"Hiina pelmeenid*"},"content":{"rendered":"<p>K\u00e4sitsi valmistatud pelmeenid, t\u00e4idetud kanalihaga. Serveeritakse soja-k\u00fc\u00fcslaugukastmega.<\/p>\n","protected":false},"excerpt":{"rendered":"<p>K\u00e4sitsi valmistatud pelmeenid, t\u00e4idetud kanalihaga. Serveeritakse soja-k\u00fc\u00fcslaugukastmega.<\/p>\n","protected":false},"featured_media":0,"template":"","meta":[],"product_brand":[],"product_cat":[22],"product_tag":[],"class_list":{"0":"post-305","1":"product","2":"type-product","3":"status-publish","5":"product_cat-eelroad","7":"first","8":"instock","9":"taxable","10":"shipping-taxable","11":"product-type-simple"},"jetpack_sharing_enabled":true,"_links":{"self":[{"href":"https:\/\/chillirestoranid.ee\/red\/wp-json\/wp\/v2\/product\/305","targetHints":{"allow":["GET"]}}],"collection":[{"href":"https:\/\/chillirestoranid.ee\/red\/wp-json\/wp\/v2\/product"}],"about":[{"href":"https:\/\/chillirestoranid.ee\/red\/wp-json\/wp\/v2\/types\/product"}],"wp:attachment":[{"href":"https:\/\/chillirestoranid.ee\/red\/wp-json\/wp\/v2\/media?parent=305"}],"wp:term":[{"taxonomy":"product_brand","embeddable":true,"href":"https:\/\/chillirestoranid.ee\/red\/wp-json\/wp\/v2\/product_brand?post=305"},{"taxonomy":"product_cat","embeddable":true,"href":"https:\/\/chillirestoranid.ee\/red\/wp-json\/wp\/v2\/product_cat?post=305"},{"taxonomy":"product_tag","embeddable":true,"href":"https:\/\/chillirestoranid.ee\/red\/wp-json\/wp\/v2\/product_tag?post=305"}],"curies":[{"name":"wp","href":"https:\/\/api.w.org\/{rel}","templated":true}]}}